{"id":2162,"date":"2025-01-28T17:20:34","date_gmt":"2025-01-28T17:20:34","guid":{"rendered":"https:\/\/weyrauchdrehmaschinen.de\/a-propos-de-nous"},"modified":"2025-02-06T18:33:17","modified_gmt":"2025-02-06T18:33:17","slug":"a-propos-de-nous","status":"publish","type":"page","link":"https:\/\/weyrauchdrehmaschinen.de\/fr\/a-propos-de-nous","title":{"rendered":"\u00c0 propos de nous"},"content":{"rendered":"\t\t<div data-elementor-type=\"wp-page\" data-elementor-id=\"2162\" class=\"elementor elementor-2162 elementor-2100\" data-elementor-post-type=\"page\">\n\t\t\t\t<div class=\"elementor-element elementor-element-a764cd5 e-flex e-con-boxed e-con e-parent\" data-id=\"a764cd5\" data-element_type=\"container\" data-e-type=\"container\">\n\t\t\t\t\t<div class=\"e-con-inner\">\n\t\t<div class=\"elementor-element elementor-element-3ca82d7 e-con-full e-flex e-con e-child\" data-id=\"3ca82d7\" data-element_type=\"container\" data-e-type=\"container\" data-settings=\"{&quot;background_background&quot;:&quot;classic&quot;}\">\n\t\t\t\t<div class=\"elementor-element elementor-element-054dd33 elementor-widget elementor-widget-heading\" data-id=\"054dd33\" data-element_type=\"widget\" data-e-type=\"widget\" data-widget_type=\"heading.default\">\n\t\t\t\t<div class=\"elementor-widget-container\">\n\t\t\t\t\t<h2 class=\"elementor-heading-title elementor-size-default\">L'histoire de WEYRAUCH<\/h2>\t\t\t\t<\/div>\n\t\t\t\t<\/div>\n\t\t\t\t<div class=\"elementor-element elementor-element-0a95ae6 elementor-widget elementor-widget-heading\" data-id=\"0a95ae6\" data-element_type=\"widget\" data-e-type=\"widget\" data-widget_type=\"heading.default\">\n\t\t\t\t<div class=\"elementor-widget-container\">\n\t\t\t\t\t<h1 class=\"elementor-heading-title elementor-size-default\">Machines-outils \n<p>par passion<\/h1>\t\t\t\t<\/div>\n\t\t\t\t<\/div>\n\t\t\t\t<\/div>\n\t\t<div class=\"elementor-element elementor-element-0cf6900 e-con-full e-flex e-con e-child\" data-id=\"0cf6900\" data-element_type=\"container\" data-e-type=\"container\" data-settings=\"{&quot;background_background&quot;:&quot;classic&quot;}\">\n\t\t\t\t<\/div>\n\t\t\t\t\t<\/div>\n\t\t\t\t<\/div>\n\t\t<div class=\"elementor-element elementor-element-11b398c e-flex e-con-boxed e-con e-parent\" data-id=\"11b398c\" data-element_type=\"container\" data-e-type=\"container\">\n\t\t\t\t\t<div class=\"e-con-inner\">\n\t\t<div class=\"elementor-element elementor-element-c428573 e-con-full e-flex e-con e-child\" data-id=\"c428573\" data-element_type=\"container\" data-e-type=\"container\" data-settings=\"{&quot;background_background&quot;:&quot;classic&quot;}\">\n\t\t\t\t<div class=\"elementor-element elementor-element-a7e9ece elementor-widget elementor-widget-heading\" data-id=\"a7e9ece\" data-element_type=\"widget\" data-e-type=\"widget\" data-widget_type=\"heading.default\">\n\t\t\t\t<div class=\"elementor-widget-container\">\n\t\t\t\t\t<div class=\"elementor-heading-title elementor-size-default\">UN GAGE DE QUALIT\u00c9 DEPUIS 1958<\/div>\t\t\t\t<\/div>\n\t\t\t\t<\/div>\n\t\t\t\t<div class=\"elementor-element elementor-element-b620d3a elementor-widget elementor-widget-text-editor\" data-id=\"b620d3a\" data-element_type=\"widget\" data-e-type=\"widget\" data-widget_type=\"text-editor.default\">\n\t\t\t\t<div class=\"elementor-widget-container\">\n\t\t\t\t\t\t\t\t\t<p>Depuis 1958, nous sommes synonymes de qualit\u00e9 et de fiabilit\u00e9 maximales dans le monde des machines-outils. Avec des d\u00e9cennies d&rsquo;expertise dans la fabrication de perceuses radiales et le commerce de tours, des milliers de clients satisfaits nous font aujourd&rsquo;hui confiance. Notre exigence : une pr\u00e9cision sur laquelle vous pouvez compter !  <\/p>\n\t\t\t\t\t\t\t\t<\/div>\n\t\t\t\t<\/div>\n\t\t\t\t<\/div>\n\t\t<div class=\"elementor-element elementor-element-03d39c2 e-con-full e-flex e-con e-child\" data-id=\"03d39c2\" data-element_type=\"container\" data-e-type=\"container\" data-settings=\"{&quot;background_background&quot;:&quot;classic&quot;}\">\n\t\t\t\t<\/div>\n\t\t\t\t\t<\/div>\n\t\t\t\t<\/div>\n\t\t<div class=\"elementor-element elementor-element-ddc1ed9 e-flex e-con-boxed e-con e-parent\" data-id=\"ddc1ed9\" data-element_type=\"container\" data-e-type=\"container\">\n\t\t\t\t\t<div class=\"e-con-inner\">\n\t\t<div class=\"elementor-element elementor-element-1fe6dda e-con-full e-flex e-con e-child\" data-id=\"1fe6dda\" data-element_type=\"container\" data-e-type=\"container\">\n\t\t\t\t<div class=\"elementor-element elementor-element-546aaf2 elementor-view-default elementor-position-block-start elementor-mobile-position-block-start elementor-widget elementor-widget-icon-box\" data-id=\"546aaf2\" data-element_type=\"widget\" data-e-type=\"widget\" data-widget_type=\"icon-box.default\">\n\t\t\t\t<div class=\"elementor-widget-container\">\n\t\t\t\t\t\t\t<div class=\"elementor-icon-box-wrapper\">\n\n\t\t\t\t\t\t<div class=\"elementor-icon-box-icon\">\n\t\t\t\t<span  class=\"elementor-icon\">\n\t\t\t\t<svg aria-hidden=\"true\" class=\"e-font-icon-svg e-fas-globe-europe\" viewBox=\"0 0 496 512\" xmlns=\"http:\/\/www.w3.org\/2000\/svg\"><path d=\"M248 8C111 8 0 119 0 256s111 248 248 248 248-111 248-248S385 8 248 8zm200 248c0 22.5-3.9 44.2-10.8 64.4h-20.3c-4.3 0-8.4-1.7-11.4-4.8l-32-32.6c-4.5-4.6-4.5-12.1.1-16.7l12.5-12.5v-8.7c0-3-1.2-5.9-3.3-8l-9.4-9.4c-2.1-2.1-5-3.3-8-3.3h-16c-6.2 0-11.3-5.1-11.3-11.3 0-3 1.2-5.9 3.3-8l9.4-9.4c2.1-2.1 5-3.3 8-3.3h32c6.2 0 11.3-5.1 11.3-11.3v-9.4c0-6.2-5.1-11.3-11.3-11.3h-36.7c-8.8 0-16 7.2-16 16v4.5c0 6.9-4.4 13-10.9 15.2l-31.6 10.5c-3.3 1.1-5.5 4.1-5.5 7.6v2.2c0 4.4-3.6 8-8 8h-16c-4.4 0-8-3.6-8-8s-3.6-8-8-8H247c-3 0-5.8 1.7-7.2 4.4l-9.4 18.7c-2.7 5.4-8.2 8.8-14.3 8.8H194c-8.8 0-16-7.2-16-16V199c0-4.2 1.7-8.3 4.7-11.3l20.1-20.1c4.6-4.6 7.2-10.9 7.2-17.5 0-3.4 2.2-6.5 5.5-7.6l40-13.3c1.7-.6 3.2-1.5 4.4-2.7l26.8-26.8c2.1-2.1 3.3-5 3.3-8 0-6.2-5.1-11.3-11.3-11.3H258l-16 16v8c0 4.4-3.6 8-8 8h-16c-4.4 0-8-3.6-8-8v-20c0-2.5 1.2-4.9 3.2-6.4l28.9-21.7c1.9-.1 3.8-.3 5.7-.3C358.3 56 448 145.7 448 256zM130.1 149.1c0-3 1.2-5.9 3.3-8l25.4-25.4c2.1-2.1 5-3.3 8-3.3 6.2 0 11.3 5.1 11.3 11.3v16c0 3-1.2 5.9-3.3 8l-9.4 9.4c-2.1 2.1-5 3.3-8 3.3h-16c-6.2 0-11.3-5.1-11.3-11.3zm128 306.4v-7.1c0-8.8-7.2-16-16-16h-20.2c-10.8 0-26.7-5.3-35.4-11.8l-22.2-16.7c-11.5-8.6-18.2-22.1-18.2-36.4v-23.9c0-16 8.4-30.8 22.1-39l42.9-25.7c7.1-4.2 15.2-6.5 23.4-6.5h31.2c10.9 0 21.4 3.9 29.6 10.9l43.2 37.1h18.3c8.5 0 16.6 3.4 22.6 9.4l17.3 17.3c3.4 3.4 8.1 5.3 12.9 5.3H423c-32.4 58.9-93.8 99.5-164.9 103.1z\"><\/path><\/svg>\t\t\t\t<\/span>\n\t\t\t<\/div>\n\t\t\t\n\t\t\t\t\t\t<div class=\"elementor-icon-box-content\">\n\n\t\t\t\t\n\t\t\t\t\t\t\t\t\t<p class=\"elementor-icon-box-description\">\n\t\t\t\t\t\tNos machines sont utilis\u00e9es dans le monde entier et y ont fait leurs preuves des milliers de fois.\t\t\t\t\t<\/p>\n\t\t\t\t\n\t\t\t<\/div>\n\t\t\t\n\t\t<\/div>\n\t\t\t\t\t\t<\/div>\n\t\t\t\t<\/div>\n\t\t\t\t<\/div>\n\t\t<div class=\"elementor-element elementor-element-ba71b5e e-con-full e-flex e-con e-child\" data-id=\"ba71b5e\" data-element_type=\"container\" data-e-type=\"container\">\n\t\t\t\t<div class=\"elementor-element elementor-element-93733cf elementor-view-default elementor-position-block-start elementor-mobile-position-block-start elementor-widget elementor-widget-icon-box\" data-id=\"93733cf\" data-element_type=\"widget\" data-e-type=\"widget\" data-widget_type=\"icon-box.default\">\n\t\t\t\t<div class=\"elementor-widget-container\">\n\t\t\t\t\t\t\t<div class=\"elementor-icon-box-wrapper\">\n\n\t\t\t\t\t\t<div class=\"elementor-icon-box-icon\">\n\t\t\t\t<span  class=\"elementor-icon\">\n\t\t\t\t<svg aria-hidden=\"true\" class=\"e-font-icon-svg e-fas-wrench\" viewBox=\"0 0 512 512\" xmlns=\"http:\/\/www.w3.org\/2000\/svg\"><path d=\"M507.73 109.1c-2.24-9.03-13.54-12.09-20.12-5.51l-74.36 74.36-67.88-11.31-11.31-67.88 74.36-74.36c6.62-6.62 3.43-17.9-5.66-20.16-47.38-11.74-99.55.91-136.58 37.93-39.64 39.64-50.55 97.1-34.05 147.2L18.74 402.76c-24.99 24.99-24.99 65.51 0 90.5 24.99 24.99 65.51 24.99 90.5 0l213.21-213.21c50.12 16.71 107.47 5.68 147.37-34.22 37.07-37.07 49.7-89.32 37.91-136.73zM64 472c-13.25 0-24-10.75-24-24 0-13.26 10.75-24 24-24s24 10.74 24 24c0 13.25-10.75 24-24 24z\"><\/path><\/svg>\t\t\t\t<\/span>\n\t\t\t<\/div>\n\t\t\t\n\t\t\t\t\t\t<div class=\"elementor-icon-box-content\">\n\n\t\t\t\t\n\t\t\t\t\t\t\t\t\t<p class=\"elementor-icon-box-description\">\n\t\t\t\t\t\tService complet pour perceuses radiales &amp; tours.\t\t\t\t\t<\/p>\n\t\t\t\t\n\t\t\t<\/div>\n\t\t\t\n\t\t<\/div>\n\t\t\t\t\t\t<\/div>\n\t\t\t\t<\/div>\n\t\t\t\t<\/div>\n\t\t<div class=\"elementor-element elementor-element-78e666a e-con-full e-flex e-con e-child\" data-id=\"78e666a\" data-element_type=\"container\" data-e-type=\"container\">\n\t\t\t\t<div class=\"elementor-element elementor-element-f5662a3 elementor-view-default elementor-position-block-start elementor-mobile-position-block-start elementor-widget elementor-widget-icon-box\" data-id=\"f5662a3\" data-element_type=\"widget\" data-e-type=\"widget\" data-widget_type=\"icon-box.default\">\n\t\t\t\t<div class=\"elementor-widget-container\">\n\t\t\t\t\t\t\t<div class=\"elementor-icon-box-wrapper\">\n\n\t\t\t\t\t\t<div class=\"elementor-icon-box-icon\">\n\t\t\t\t<span  class=\"elementor-icon\">\n\t\t\t\t<svg aria-hidden=\"true\" class=\"e-font-icon-svg e-fas-th\" viewBox=\"0 0 512 512\" xmlns=\"http:\/\/www.w3.org\/2000\/svg\"><path d=\"M149.333 56v80c0 13.255-10.745 24-24 24H24c-13.255 0-24-10.745-24-24V56c0-13.255 10.745-24 24-24h101.333c13.255 0 24 10.745 24 24zm181.334 240v-80c0-13.255-10.745-24-24-24H205.333c-13.255 0-24 10.745-24 24v80c0 13.255 10.745 24 24 24h101.333c13.256 0 24.001-10.745 24.001-24zm32-240v80c0 13.255 10.745 24 24 24H488c13.255 0 24-10.745 24-24V56c0-13.255-10.745-24-24-24H386.667c-13.255 0-24 10.745-24 24zm-32 80V56c0-13.255-10.745-24-24-24H205.333c-13.255 0-24 10.745-24 24v80c0 13.255 10.745 24 24 24h101.333c13.256 0 24.001-10.745 24.001-24zm-205.334 56H24c-13.255 0-24 10.745-24 24v80c0 13.255 10.745 24 24 24h101.333c13.255 0 24-10.745 24-24v-80c0-13.255-10.745-24-24-24zM0 376v80c0 13.255 10.745 24 24 24h101.333c13.255 0 24-10.745 24-24v-80c0-13.255-10.745-24-24-24H24c-13.255 0-24 10.745-24 24zm386.667-56H488c13.255 0 24-10.745 24-24v-80c0-13.255-10.745-24-24-24H386.667c-13.255 0-24 10.745-24 24v80c0 13.255 10.745 24 24 24zm0 160H488c13.255 0 24-10.745 24-24v-80c0-13.255-10.745-24-24-24H386.667c-13.255 0-24 10.745-24 24v80c0 13.255 10.745 24 24 24zM181.333 376v80c0 13.255 10.745 24 24 24h101.333c13.255 0 24-10.745 24-24v-80c0-13.255-10.745-24-24-24H205.333c-13.255 0-24 10.745-24 24z\"><\/path><\/svg>\t\t\t\t<\/span>\n\t\t\t<\/div>\n\t\t\t\n\t\t\t\t\t\t<div class=\"elementor-icon-box-content\">\n\n\t\t\t\t\n\t\t\t\t\t\t\t\t\t<p class=\"elementor-icon-box-description\">\n\t\t\t\t\t\tNotre gamme de produits comprend des solutions standard et sp\u00e9ciales pour l'usinage.\t\t\t\t\t<\/p>\n\t\t\t\t\n\t\t\t<\/div>\n\t\t\t\n\t\t<\/div>\n\t\t\t\t\t\t<\/div>\n\t\t\t\t<\/div>\n\t\t\t\t<\/div>\n\t\t<div class=\"elementor-element elementor-element-261fe95 e-con-full e-flex e-con e-child\" data-id=\"261fe95\" data-element_type=\"container\" data-e-type=\"container\">\n\t\t\t\t<div class=\"elementor-element elementor-element-9aaa069 elementor-view-default elementor-position-block-start elementor-mobile-position-block-start elementor-widget elementor-widget-icon-box\" data-id=\"9aaa069\" data-element_type=\"widget\" data-e-type=\"widget\" data-widget_type=\"icon-box.default\">\n\t\t\t\t<div class=\"elementor-widget-container\">\n\t\t\t\t\t\t\t<div class=\"elementor-icon-box-wrapper\">\n\n\t\t\t\t\t\t<div class=\"elementor-icon-box-icon\">\n\t\t\t\t<span  class=\"elementor-icon\">\n\t\t\t\t<svg aria-hidden=\"true\" class=\"e-font-icon-svg e-fas-warehouse\" viewBox=\"0 0 640 512\" xmlns=\"http:\/\/www.w3.org\/2000\/svg\"><path d=\"M504 352H136.4c-4.4 0-8 3.6-8 8l-.1 48c0 4.4 3.6 8 8 8H504c4.4 0 8-3.6 8-8v-48c0-4.4-3.6-8-8-8zm0 96H136.1c-4.4 0-8 3.6-8 8l-.1 48c0 4.4 3.6 8 8 8h368c4.4 0 8-3.6 8-8v-48c0-4.4-3.6-8-8-8zm0-192H136.6c-4.4 0-8 3.6-8 8l-.1 48c0 4.4 3.6 8 8 8H504c4.4 0 8-3.6 8-8v-48c0-4.4-3.6-8-8-8zm106.5-139L338.4 3.7a48.15 48.15 0 0 0-36.9 0L29.5 117C11.7 124.5 0 141.9 0 161.3V504c0 4.4 3.6 8 8 8h80c4.4 0 8-3.6 8-8V256c0-17.6 14.6-32 32.6-32h382.8c18 0 32.6 14.4 32.6 32v248c0 4.4 3.6 8 8 8h80c4.4 0 8-3.6 8-8V161.3c0-19.4-11.7-36.8-29.5-44.3z\"><\/path><\/svg>\t\t\t\t<\/span>\n\t\t\t<\/div>\n\t\t\t\n\t\t\t\t\t\t<div class=\"elementor-icon-box-content\">\n\n\t\t\t\t\n\t\t\t\t\t\t\t\t\t<p class=\"elementor-icon-box-description\">\n\t\t\t\t\t\tDans notre usine de Gemmingen, nous avons plus de 6000 pi\u00e8ces de rechange disponibles \u00e0 tout moment.\t\t\t\t\t<\/p>\n\t\t\t\t\n\t\t\t<\/div>\n\t\t\t\n\t\t<\/div>\n\t\t\t\t\t\t<\/div>\n\t\t\t\t<\/div>\n\t\t\t\t<\/div>\n\t\t\t\t\t<\/div>\n\t\t\t\t<\/div>\n\t\t<div class=\"elementor-element elementor-element-902be4f e-flex e-con-boxed e-con e-parent\" data-id=\"902be4f\" data-element_type=\"container\" data-e-type=\"container\">\n\t\t\t\t\t<div class=\"e-con-inner\">\n\t\t<div class=\"elementor-element elementor-element-7c47a26 e-con-full e-flex e-con e-child\" data-id=\"7c47a26\" data-element_type=\"container\" data-e-type=\"container\" data-settings=\"{&quot;background_background&quot;:&quot;classic&quot;}\">\n\t\t\t\t<div class=\"elementor-element elementor-element-73ad3b7 elementor-widget elementor-widget-heading\" data-id=\"73ad3b7\" data-element_type=\"widget\" data-e-type=\"widget\" data-widget_type=\"heading.default\">\n\t\t\t\t<div class=\"elementor-widget-container\">\n\t\t\t\t\t<div class=\"elementor-heading-title elementor-size-default\">CE QUE NOUS REPR\u00c9SENTONS<\/div>\t\t\t\t<\/div>\n\t\t\t\t<\/div>\n\t\t\t\t<div class=\"elementor-element elementor-element-b40e1b7 elementor-widget elementor-widget-text-editor\" data-id=\"b40e1b7\" data-element_type=\"widget\" data-e-type=\"widget\" data-widget_type=\"text-editor.default\">\n\t\t\t\t<div class=\"elementor-widget-container\">\n\t\t\t\t\t\t\t\t\t<p>Chez <strong>WEYRAUCH<\/strong>, la qualit\u00e9, la pr\u00e9cision et la satisfaction du client sont au c\u0153ur de nos activit\u00e9s. Notre mission est de vous proposer des solutions de tours de premi\u00e8re classe, parfaitement adapt\u00e9es \u00e0 vos exigences individuelles. Gr\u00e2ce \u00e0 des technologies innovantes, un savoir-faire approfondi et une \u00e9troite collaboration avec nos clients, nous cr\u00e9ons des machines qui font r\u00e9f\u00e9rence.  <\/p>\n<p>Nous nous concentrons sur l&rsquo;am\u00e9lioration continue des produits et des processus afin de vous garantir une utilit\u00e9 et une fiabilit\u00e9 maximales tout au long du cycle de vie du produit. Gr\u00e2ce \u00e0 notre solide r\u00e9seau de clients, de fournisseurs et de partenaires, nous mettons rapidement et efficacement en \u0153uvre les potentiels d&rsquo;optimisation. <strong>Tours WEYRAUCH<\/strong> &#8211; votre solution pour la pr\u00e9cision et l&rsquo;efficacit\u00e9 ! <\/p>\n\t\t\t\t\t\t\t\t<\/div>\n\t\t\t\t<\/div>\n\t\t\t\t<\/div>\n\t\t<div class=\"elementor-element elementor-element-60fbd54 e-con-full e-flex e-con e-child\" data-id=\"60fbd54\" data-element_type=\"container\" data-e-type=\"container\" data-settings=\"{&quot;background_background&quot;:&quot;classic&quot;}\">\n\t\t\t\t<\/div>\n\t\t\t\t\t<\/div>\n\t\t\t\t<\/div>\n\t\t\t\t<\/div>\n\t\t","protected":false},"excerpt":{"rendered":"<p>L&rsquo;histoire de WEYRAUCH Machines-outils par passion UN GAGE DE QUALIT\u00c9 DEPUIS 1958 Depuis 1958, nous sommes synonymes de qualit\u00e9 et de fiabilit\u00e9 maximales dans le monde des machines-outils. Avec des d\u00e9cennies d&rsquo;expertise dans la fabrication de perceuses radiales et le commerce de tours, des milliers de clients satisfaits nous font aujourd&rsquo;hui confiance. Notre exigence : [&hellip;]<\/p>\n","protected":false},"author":2,"featured_media":0,"parent":0,"menu_order":0,"comment_status":"closed","ping_status":"closed","template":"elementor_header_footer","meta":{"footnotes":""},"class_list":["post-2162","page","type-page","status-publish","hentry"],"_links":{"self":[{"href":"https:\/\/weyrauchdrehmaschinen.de\/fr\/wp-json\/wp\/v2\/pages\/2162","targetHints":{"allow":["GET"]}}],"collection":[{"href":"https:\/\/weyrauchdrehmaschinen.de\/fr\/wp-json\/wp\/v2\/pages"}],"about":[{"href":"https:\/\/weyrauchdrehmaschinen.de\/fr\/wp-json\/wp\/v2\/types\/page"}],"author":[{"embeddable":true,"href":"https:\/\/weyrauchdrehmaschinen.de\/fr\/wp-json\/wp\/v2\/users\/2"}],"replies":[{"embeddable":true,"href":"https:\/\/weyrauchdrehmaschinen.de\/fr\/wp-json\/wp\/v2\/comments?post=2162"}],"version-history":[{"count":1,"href":"https:\/\/weyrauchdrehmaschinen.de\/fr\/wp-json\/wp\/v2\/pages\/2162\/revisions"}],"predecessor-version":[{"id":2163,"href":"https:\/\/weyrauchdrehmaschinen.de\/fr\/wp-json\/wp\/v2\/pages\/2162\/revisions\/2163"}],"wp:attachment":[{"href":"https:\/\/weyrauchdrehmaschinen.de\/fr\/wp-json\/wp\/v2\/media?parent=2162"}],"curies":[{"name":"wp","href":"https:\/\/api.w.org\/{rel}","templated":true}]}}